{"id":98,"date":"2020-04-07T07:47:15","date_gmt":"2020-04-07T07:47:15","guid":{"rendered":"http:\/\/www.gpkancelarie.pl\/?page_id=2"},"modified":"2020-04-07T07:47:15","modified_gmt":"2020-04-07T07:47:15","slug":"sample-page-2","status":"publish","type":"page","link":"https:\/\/pecherzewski.com\/index.php\/sample-page-2\/","title":{"rendered":"Najnowsze wyroki w sprawach kredyt\u00f3w indeksowanych i denominowanych do CHF"},"content":{"rendered":"<ul class=\"wp-block-latest-posts__list is-grid columns-3 aligncenter wp-block-latest-posts\"><li><a class=\"wp-block-latest-posts__post-title\" href=\"https:\/\/pecherzewski.com\/index.php\/2024\/12\/04\/07-05-2024-wyrok-i-c-1420-23-bank-bph\/\">07.05.2024 Wyrok I C 1420\/23 Bank BPH<\/a><\/li>\n<li><a class=\"wp-block-latest-posts__post-title\" href=\"https:\/\/pecherzewski.com\/index.php\/2024\/12\/04\/24-09-2024r-wyrok-w-sprawie-i-c-173-23-bank-bph\/\">24.09.2024r. Wyrok w sprawie I C 173\/23 Bank BPH<\/a><\/li>\n<li><a class=\"wp-block-latest-posts__post-title\" href=\"https:\/\/pecherzewski.com\/index.php\/2023\/02\/06\/21-01-2023-wygrana-prawomocny-wyrok-przeciwko-raiffeisen-bank\/\">21.01.2023 Wygrana -Prawomocny wyrok przeciwko Raiffeisen Bank<\/a><\/li>\n<li><a class=\"wp-block-latest-posts__post-title\" href=\"https:\/\/pecherzewski.com\/index.php\/2022\/12\/01\/01-12-2022r-wygrana-z-bankiem-bph-s-a-przed-sadem-okregowym-w-legnicy-sygn-i-c-259-20\/\">1 grudnia 2022r. Wygrana z Bankiem BPH S.A. przed S\u0105dem Okr\u0119gowym w Legnicy sygn. I C 259\/20<\/a><\/li>\n<li><a class=\"wp-block-latest-posts__post-title\" href=\"https:\/\/pecherzewski.com\/index.php\/2022\/11\/30\/wygrana-z-getin-noble-bank-s-a-wyrok-sadu-okregowego-w-legnicy-i-c-408-22-z-dnia-29-listopada-2022r\/\">29 listopada 2022r. Wygrana z Getin Noble Bank S.A. &#8211; Wyrok S\u0105du Okr\u0119gowego w Legnicy I C 408\/22<\/a><\/li>\n<\/ul>\n\n\n<figure class=\"wp-block-image size-large is-resized\"><img loading=\"lazy\" decoding=\"async\" src=\"http:\/\/pecherzewski.com\/wp-content\/uploads\/2021\/02\/logoadw.gif\" alt=\"KAPP\" class=\"wp-image-51\" width=\"656\" height=\"174\"\/><\/figure>\n\n\n\n<p><br>ul. Gen. J. Bema 10\/3, 59-300 Lubin<br>tel. kom. 503-125-499<br>fax 76 749-70-99<\/p>\n\n\n\n<p><strong>Filia we Wroc\u0142awiu<\/strong><br>ul. S. Leszczy\u0144skiego 4 lok. 73<br>50-078 Wroc\u0142aw<\/p>\n","protected":false},"excerpt":{"rendered":"<p>ul. Gen. J. Bema 10\/3, 59-300 Lubintel. kom. 503-125-499fax 76 749-70-99 Filia we Wroc\u0142awiuul. S. Leszczy\u0144skiego 4 lok. 7350-078 Wroc\u0142aw<\/p>\n","protected":false},"author":1,"featured_media":0,"parent":0,"menu_order":0,"comment_status":"closed","ping_status":"open","template":"","meta":{"footnotes":""},"class_list":["post-98","page","type-page","status-publish","hentry"],"_links":{"self":[{"href":"https:\/\/pecherzewski.com\/index.php\/wp-json\/wp\/v2\/pages\/98","targetHints":{"allow":["GET"]}}],"collection":[{"href":"https:\/\/pecherzewski.com\/index.php\/wp-json\/wp\/v2\/pages"}],"about":[{"href":"https:\/\/pecherzewski.com\/index.php\/wp-json\/wp\/v2\/types\/page"}],"author":[{"embeddable":true,"href":"https:\/\/pecherzewski.com\/index.php\/wp-json\/wp\/v2\/users\/1"}],"replies":[{"embeddable":true,"href":"https:\/\/pecherzewski.com\/index.php\/wp-json\/wp\/v2\/comments?post=98"}],"version-history":[{"count":0,"href":"https:\/\/pecherzewski.com\/index.php\/wp-json\/wp\/v2\/pages\/98\/revisions"}],"wp:attachment":[{"href":"https:\/\/pecherzewski.com\/index.php\/wp-json\/wp\/v2\/media?parent=98"}],"curies":[{"name":"wp","href":"https:\/\/api.w.org\/{rel}","templated":true}]}}