{"id":45,"date":"2021-02-10T22:05:03","date_gmt":"2021-02-10T22:05:03","guid":{"rendered":"http:\/\/www.gpkancelarie.pl\/?page_id=45"},"modified":"2021-02-10T22:05:03","modified_gmt":"2021-02-10T22:05:03","slug":"klienci-biznesowi","status":"publish","type":"page","link":"https:\/\/pecherzewski.com\/index.php\/klienci-biznesowi\/","title":{"rendered":"Klienci biznesowi"},"content":{"rendered":"\n<p>Kancelaria \u015bwiadczy kompleksow\u0105 pomoc prawn\u0105 w prowadzeniu spraw zwi\u0105zanych z dzia\u0142alno\u015bci\u0105 przedsi\u0119biorstwa, w szczeg\u00f3lno\u015bci w zakresie:<\/p>\n\n\n\n<h1 class=\"wp-block-heading\"><strong>Obrotu nieruchomo\u015bciami<\/strong><\/h1>\n\n\n\n<p>&#8211; kompleksowa pomoc przy nabywaniu i zbywaniu grunt\u00f3w,<\/p>\n\n\n\n<p>&#8211; kompleksowa pomoc w obrocie nieruchomo\u015bciami komercyjnymi,<\/p>\n\n\n\n<p>&#8211; najem lokali i powierzchni biurowych i us\u0142ugowych.<\/p>\n\n\n\n<h1 class=\"wp-block-heading\"><strong>Obs\u0142ugi inwestycji budowlanych<\/strong><\/h1>\n\n\n\n<p>&#8211; przygotowywanie i opiniowanie um\u00f3w o roboty budowlane,<\/p>\n\n\n\n<p>&#8211; przygotowywanie i opiniowanie um\u00f3w deweloperskich, prospekt\u00f3w informacyjnych,<\/p>\n\n\n\n<p>&#8211; przygotowywanie i opiniowanie um\u00f3w wykonawstwa, podwykonawstwa.<\/p>\n\n\n\n<p><\/p>\n\n\n\n<h1 class=\"wp-block-heading\"><strong>Obs\u0142ugi firm z bran\u017cy samochodowej oraz najmu pojazd\u00f3w<\/strong><\/h1>\n\n\n\n<h1 class=\"wp-block-heading\"><strong>Prawa ubezpieczeniowego<\/strong><\/h1>\n\n\n\n<p>&#8211; przygotowanie dokument\u00f3w zwi\u0105zanych z nawi\u0105zaniem, zmian\u0105 oraz rozwi\u0105zaniem stosunku pracy, przygotowanie regulamin\u00f3w pracy oraz regulamin\u00f3w wynagradzania,<br>&#8211; doradztwa w zakresie zawierania uk\u0142ad\u00f3w zbiorowych pracy,<br>&#8211; zast\u0119pstwa procesowego w sprawach pracowniczych,<br>&#8211; doradztwa w zakresie zwolnie\u0144 grupowych.<\/p>\n\n\n\n<h2 class=\"wp-block-heading\"><strong>Prawa cywilnego<\/strong><\/h2>\n\n\n\n<p>&#8211; sporz\u0105dzanie wezwa\u0144 do zap\u0142aty,<br>&#8211; sporz\u0105dzanie pism procesowych,<br>&#8211; negocjacje ugodowe,<br>&#8211; reprezentacja Klient\u00f3w w postepowaniach s\u0105dowych (w tym dotycz\u0105cych m.in. zap\u0142aty, niewykonania lub nienale\u017cytego wykonania zobowi\u0105zania, odszkodowa\u0144),<br>&#8211; zaskar\u017canie orzecze\u0144,<br>&#8211; reprezentowanie Klient\u00f3w w post\u0119powaniach egzekucyjnych i zabezpieczaj\u0105cych<\/p>\n\n\n\n<h2 class=\"wp-block-heading\"><strong>Prawa gospodarczego:<\/strong><\/h2>\n\n\n\n<p>&#8211; zak\u0142adania i rejestracji sp\u00f3\u0142ek prawa handlowego,<br>&#8211; przygotowania dokument\u00f3w organ\u00f3w sp\u00f3\u0142ek, post\u0119powa\u0144 w zakresie aktualizacji wpis\u00f3w w KRS,<br>&#8211; likwidacji sp\u00f3\u0142ek,<br>&#8211; sporz\u0105dzanie i opiniowanie um\u00f3w gospodarczych, akt\u00f3w za\u0142o\u017cycielskich sp\u00f3\u0142ek i innych os\u00f3b prawnych, statut\u00f3w oraz regulamin\u00f3w.<\/p>\n\n\n\n<h2 class=\"wp-block-heading\"><strong>Prawa pracy<\/strong><\/h2>\n\n\n\n<h2 class=\"wp-block-heading\">Prawa karnego<\/h2>\n\n\n\n<p>&#8211; kompleksowa pomoc prawna, tj. reprezentacja na etapie post\u0119powania przygotowawczego, przed s\u0105dem I instancji, post\u0119powania apelacyjnego oraz kasacyjnego, udzielanie porad prawnych lub wykonanie wy\u0142\u0105cznie konkretnej czynno\u015bci prawnej w ka\u017cdej sprawie z zakresu prawa karnego.<\/p>\n\n\n\n<h2 class=\"wp-block-heading\">Prawa wykrocze\u0144<\/h2>\n\n\n\n<p>&#8211; reprezentacja pokrzywdzonych oraz obwinionych w sprawach o wykroczenia.<\/p>\n","protected":false},"excerpt":{"rendered":"<p>Kancelaria \u015bwiadczy kompleksow\u0105 pomoc prawn\u0105 w prowadzeniu spraw zwi\u0105zanych z dzia\u0142alno\u015bci\u0105 przedsi\u0119biorstwa, w szczeg\u00f3lno\u015bci w zakresie: Obrotu nieruchomo\u015bciami &#8211; kompleksowa pomoc przy nabywaniu i zbywaniu grunt\u00f3w, &#8211; kompleksowa pomoc w obrocie nieruchomo\u015bciami komercyjnymi, &#8211; najem lokali i powierzchni biurowych i us\u0142ugowych. Obs\u0142ugi inwestycji budowlanych &#8211; przygotowywanie i opiniowanie um\u00f3w o roboty budowlane, &#8211; przygotowywanie i [&hellip;]<\/p>\n","protected":false},"author":1,"featured_media":0,"parent":0,"menu_order":0,"comment_status":"closed","ping_status":"closed","template":"","meta":{"footnotes":""},"class_list":["post-45","page","type-page","status-publish","hentry"],"_links":{"self":[{"href":"https:\/\/pecherzewski.com\/index.php\/wp-json\/wp\/v2\/pages\/45","targetHints":{"allow":["GET"]}}],"collection":[{"href":"https:\/\/pecherzewski.com\/index.php\/wp-json\/wp\/v2\/pages"}],"about":[{"href":"https:\/\/pecherzewski.com\/index.php\/wp-json\/wp\/v2\/types\/page"}],"author":[{"embeddable":true,"href":"https:\/\/pecherzewski.com\/index.php\/wp-json\/wp\/v2\/users\/1"}],"replies":[{"embeddable":true,"href":"https:\/\/pecherzewski.com\/index.php\/wp-json\/wp\/v2\/comments?post=45"}],"version-history":[{"count":0,"href":"https:\/\/pecherzewski.com\/index.php\/wp-json\/wp\/v2\/pages\/45\/revisions"}],"wp:attachment":[{"href":"https:\/\/pecherzewski.com\/index.php\/wp-json\/wp\/v2\/media?parent=45"}],"curies":[{"name":"wp","href":"https:\/\/api.w.org\/{rel}","templated":true}]}}