{"id":42,"date":"2021-02-10T21:48:41","date_gmt":"2021-02-10T21:48:41","guid":{"rendered":"http:\/\/www.gpkancelarie.pl\/?page_id=42"},"modified":"2021-02-10T21:48:41","modified_gmt":"2021-02-10T21:48:41","slug":"klienci-indywidualni","status":"publish","type":"page","link":"https:\/\/pecherzewski.com\/index.php\/klienci-indywidualni\/","title":{"rendered":"Klienci Indywidualni"},"content":{"rendered":"\n<h2 class=\"wp-block-heading\">Kancelaria \u015bwiadczy dla klient\u00f3w indywidualnych pomoc prawn\u0105 w szczeg\u00f3lno\u015bci w zakresie:<\/h2>\n\n\n\n<h1 class=\"wp-block-heading\"><strong>Prawa cywilnego<\/strong><\/h1>\n\n\n\n<p>Reprezentacja przed s\u0105dem oraz na etapie przeds\u0105dowym w sprawach cywilnych dotycz\u0105cych m.in.:<br>&#8211; <strong>odszkodowania i zado\u015b\u0107uczynienia<\/strong> za doznan\u0105 krzywd\u0119 w zwi\u0105zku ze szkod\u0105 na osobie lub mieniu, wypadkiem komunikacyjnym,<br>&#8211; <strong>zap\u0142aty<\/strong> za niewykonanie lub nienale\u017cyte wykonanie zobowi\u0105zania,<br>&#8211; realizacji prawa w\u0142asno\u015bci oraz innych praw rzeczowych, w tym u\u017cytkowania wieczystego, <strong>s\u0142u\u017cebno\u015bci <\/strong>gruntowych, s\u0142u\u017cebno\u015bci przesy\u0142u,<br>&#8211; <strong>prawa spadkowego<\/strong>, w tym prawa do zachowku, sprawy o stwierdzenie nabycia spadku, o dzia\u0142 spadku,<\/p>\n\n\n\n<p>Udzielanie porad prawnych, sporz\u0105dzanie pism procesowych (w szczeg\u00f3lno\u015bci: pozwy, wnioski, apelacje, za\u017calenia),<br><\/p>\n\n\n\n<p>Przygotowanie i opiniowanie um\u00f3w cywilnoprawnych, w tym umowy sprzeda\u017cy, najmu, dzier\u017cawy, zlecenia, umowy o dzie\u0142o, umowy o roboty budowlane, itp.<br>Sporz\u0105dzanie wezwa\u0144 do zap\u0142aty.<\/p>\n\n\n\n<h1 class=\"wp-block-heading\"><strong>Prawa karnego<\/strong><\/h1>\n\n\n\n<p>Kompleksowa pomoc prawn\u0105 w sprawach karnych, tj. w zakresie reprezentacji na etapie post\u0119powania przygotowawczego, przed s\u0105dem I instancji, post\u0119powania apelacyjnego oraz kasacyjnego, udzielanie porad prawnych lub wykonanie wy\u0142\u0105cznie konkretnej czynno\u015bci prawnej w ka\u017cdej sprawie z zakresu prawa karnego.<\/p>\n\n\n\n<h1 class=\"wp-block-heading\"><strong>Prawa wykrocze\u0144<\/strong><\/h1>\n\n\n\n<p>Reprezentacja pokrzywdzonych oraz obwinionych w sprawach o wykroczenia.<\/p>\n\n\n\n<h1 class=\"wp-block-heading\"><strong>Prawa pracy<\/strong><\/h1>\n\n\n\n<p>Przygotowywanie opinii prawnych w kwestiach zwi\u0105zanych z prawem pracy, Reprezentacja w post\u0119powaniu przed s\u0105dami powszechnymi, m. in. w sprawach:<br>&#8211; o ustalenie istnienia stosunku pracy,<br>&#8211; wynagrodzenie za prac\u0119 oraz inne zwi\u0105zane z tym \u015bwiadczenia,<br>&#8211; przywr\u00f3cenie do pracy,<br>&#8211; odszkodowanie za nies\u0142uszne wypowiedzenie umowy o prac\u0119, wypadek przy pracy lub w zwi\u0105zku z prac\u0105 w szkodliwych warunkach, o mobbing oraz o dyskryminacj\u0119.<br>Sporz\u0105dzanie odwo\u0142a\u0144 od wypowiedzenia umowy o prac\u0119 lub rozwi\u0161zania umowy o prac\u0119 bez wypowiedzenia.<\/p>\n\n\n\n<h2 class=\"wp-block-heading\">Prawa administracyjnego<\/h2>\n\n\n\n<p>Reprezentacja w post\u0119powaniu przed organami administracji publicznej I i II instancji, przed Wojew\u00f3dzkim S\u0105dem Administracyjnym oraz przed Naczelnym S\u0105dem Administracyjnym.<br>Sporz\u0105dzanie wniosk\u00f3w, odwo\u0142a\u0144 od decyzji organ\u00f3w administracji publicznej oraz skarg do s\u0105d\u00f3w administracyjnych na ostateczne decyzje tych organ\u00f3w.<\/p>\n","protected":false},"excerpt":{"rendered":"<p>Kancelaria \u015bwiadczy dla klient\u00f3w indywidualnych pomoc prawn\u0105 w szczeg\u00f3lno\u015bci w zakresie: Prawa cywilnego Reprezentacja przed s\u0105dem oraz na etapie przeds\u0105dowym w sprawach cywilnych dotycz\u0105cych m.in.:&#8211; odszkodowania i zado\u015b\u0107uczynienia za doznan\u0105 krzywd\u0119 w zwi\u0105zku ze szkod\u0105 na osobie lub mieniu, wypadkiem komunikacyjnym,&#8211; zap\u0142aty za niewykonanie lub nienale\u017cyte wykonanie zobowi\u0105zania,&#8211; realizacji prawa w\u0142asno\u015bci oraz innych praw rzeczowych, [&hellip;]<\/p>\n","protected":false},"author":1,"featured_media":0,"parent":0,"menu_order":0,"comment_status":"closed","ping_status":"closed","template":"","meta":{"footnotes":""},"class_list":["post-42","page","type-page","status-publish","hentry"],"_links":{"self":[{"href":"https:\/\/pecherzewski.com\/index.php\/wp-json\/wp\/v2\/pages\/42","targetHints":{"allow":["GET"]}}],"collection":[{"href":"https:\/\/pecherzewski.com\/index.php\/wp-json\/wp\/v2\/pages"}],"about":[{"href":"https:\/\/pecherzewski.com\/index.php\/wp-json\/wp\/v2\/types\/page"}],"author":[{"embeddable":true,"href":"https:\/\/pecherzewski.com\/index.php\/wp-json\/wp\/v2\/users\/1"}],"replies":[{"embeddable":true,"href":"https:\/\/pecherzewski.com\/index.php\/wp-json\/wp\/v2\/comments?post=42"}],"version-history":[{"count":0,"href":"https:\/\/pecherzewski.com\/index.php\/wp-json\/wp\/v2\/pages\/42\/revisions"}],"wp:attachment":[{"href":"https:\/\/pecherzewski.com\/index.php\/wp-json\/wp\/v2\/media?parent=42"}],"curies":[{"name":"wp","href":"https:\/\/api.w.org\/{rel}","templated":true}]}}