{"id":27,"date":"2021-02-01T10:50:48","date_gmt":"2021-02-01T10:50:48","guid":{"rendered":"http:\/\/www.gpkancelarie.pl\/?page_id=27"},"modified":"2021-02-01T10:50:48","modified_gmt":"2021-02-01T10:50:48","slug":"odszkodowania","status":"publish","type":"page","link":"https:\/\/pecherzewski.com\/index.php\/odszkodowania\/","title":{"rendered":"Odszkodowania"},"content":{"rendered":"\n<ul class=\"wp-block-list\"><li>wypadki komunikacyjne<\/li><li>wypadki w kopalni<\/li><li>\u015bwiadczenia z tytu\u0142u uszczerbku na zdrowiu<\/li><li>\u015bwiadczenia z tytu\u0142u wypadku przy pracy<\/li><li>zado\u015b\u0107uczynienie za doznan\u0105 krzywd\u0119<\/li><\/ul>\n","protected":false},"excerpt":{"rendered":"<p>wypadki komunikacyjne wypadki w kopalni \u015bwiadczenia z tytu\u0142u uszczerbku na zdrowiu \u015bwiadczenia z tytu\u0142u wypadku przy pracy zado\u015b\u0107uczynienie za doznan\u0105 krzywd\u0119<\/p>\n","protected":false},"author":1,"featured_media":0,"parent":0,"menu_order":0,"comment_status":"closed","ping_status":"closed","template":"","meta":{"footnotes":""},"class_list":["post-27","page","type-page","status-publish","hentry"],"_links":{"self":[{"href":"https:\/\/pecherzewski.com\/index.php\/wp-json\/wp\/v2\/pages\/27","targetHints":{"allow":["GET"]}}],"collection":[{"href":"https:\/\/pecherzewski.com\/index.php\/wp-json\/wp\/v2\/pages"}],"about":[{"href":"https:\/\/pecherzewski.com\/index.php\/wp-json\/wp\/v2\/types\/page"}],"author":[{"embeddable":true,"href":"https:\/\/pecherzewski.com\/index.php\/wp-json\/wp\/v2\/users\/1"}],"replies":[{"embeddable":true,"href":"https:\/\/pecherzewski.com\/index.php\/wp-json\/wp\/v2\/comments?post=27"}],"version-history":[{"count":0,"href":"https:\/\/pecherzewski.com\/index.php\/wp-json\/wp\/v2\/pages\/27\/revisions"}],"wp:attachment":[{"href":"https:\/\/pecherzewski.com\/index.php\/wp-json\/wp\/v2\/media?parent=27"}],"curies":[{"name":"wp","href":"https:\/\/api.w.org\/{rel}","templated":true}]}}