{"id":21,"date":"2021-02-01T10:41:30","date_gmt":"2021-02-01T10:41:30","guid":{"rendered":"http:\/\/www.gpkancelarie.pl\/?page_id=21"},"modified":"2021-02-01T10:41:30","modified_gmt":"2021-02-01T10:41:30","slug":"lubin","status":"publish","type":"page","link":"https:\/\/pecherzewski.com\/index.php\/lubin\/","title":{"rendered":"Lubin"},"content":{"rendered":"\n<pre class=\"wp-block-code one_third\"><code><\/code><\/pre> <section class=\"one_third\">\n     \n<article><header> <h2>ul. Gen. J. Bema 10\/3<\/h2>      <\/header>\n<br>\n            <iframe loading=\"lazy\" src=\"https:\/\/www.google.com\/maps\/embed?pb=!1m18!1m12!1m3!1d2489.8236381494944!2d16.205765314883188!3d51.38791932725438!2m3!1f0!2f0!3f0!3m2!1i1024!2i768!4f13.1!3m3!1m2!1s0x470f6f722ac02777%3A0x99c8ddfe59e694ba!2sPawia+48%2C+Lubin!5e0!3m2!1spl!2spl!4v1494174469754\" style=\"border:0\" allowfullscreen=\"\" width=\"600\" height=\"450\" frameborder=\"0\"><\/iframe><br>\n\n\n      <small>Poka\u017c <a href=\"https:\/\/maps.google.com\/maps\/ms?msa=0&amp;msid=211452073265148426028.0004c44f73a67e8a48745&amp;ie=UTF8&amp;t=m&amp;ll=51.388066,16.20595&amp;spn=0.009373,0.018239&amp;z=15&amp;source=embed\" style=\"color: rgb(0, 0, 255); text-align: left;\">Kancelaria\nAdwokacka adw. P\u0119cherzewski<\/a> na wi\u0119kszej mapie<\/small>\n&nbsp; <br>\n    <\/article><\/section>\n","protected":false},"excerpt":{"rendered":"<p>ul. Gen. J. Bema 10\/3 Poka\u017c Kancelaria Adwokacka adw. P\u0119cherzewski na wi\u0119kszej mapie &nbsp;<\/p>\n","protected":false},"author":1,"featured_media":0,"parent":0,"menu_order":0,"comment_status":"closed","ping_status":"closed","template":"","meta":{"footnotes":""},"class_list":["post-21","page","type-page","status-publish","hentry"],"_links":{"self":[{"href":"https:\/\/pecherzewski.com\/index.php\/wp-json\/wp\/v2\/pages\/21","targetHints":{"allow":["GET"]}}],"collection":[{"href":"https:\/\/pecherzewski.com\/index.php\/wp-json\/wp\/v2\/pages"}],"about":[{"href":"https:\/\/pecherzewski.com\/index.php\/wp-json\/wp\/v2\/types\/page"}],"author":[{"embeddable":true,"href":"https:\/\/pecherzewski.com\/index.php\/wp-json\/wp\/v2\/users\/1"}],"replies":[{"embeddable":true,"href":"https:\/\/pecherzewski.com\/index.php\/wp-json\/wp\/v2\/comments?post=21"}],"version-history":[{"count":0,"href":"https:\/\/pecherzewski.com\/index.php\/wp-json\/wp\/v2\/pages\/21\/revisions"}],"wp:attachment":[{"href":"https:\/\/pecherzewski.com\/index.php\/wp-json\/wp\/v2\/media?parent=21"}],"curies":[{"name":"wp","href":"https:\/\/api.w.org\/{rel}","templated":true}]}}