{"id":17,"date":"2021-02-01T10:19:23","date_gmt":"2021-02-01T10:19:23","guid":{"rendered":"http:\/\/www.gpkancelarie.pl\/?page_id=17"},"modified":"2021-02-01T10:19:23","modified_gmt":"2021-02-01T10:19:23","slug":"chf-pomoc-frankowiczom","status":"publish","type":"page","link":"https:\/\/pecherzewski.com\/index.php\/chf-pomoc-frankowiczom\/","title":{"rendered":"CHF Pomoc Frankowiczom"},"content":{"rendered":"\n<p>Kancelaria od 2017 roku \u015bwiadczy pomoc prawn\u0105 w sprawach dotycz\u0105cych kredyt\u00f3w indeksowanych\/nominowanych do waluty franka szwajcarskiego oraz z zakresu prawa bankowego.<\/p>\n\n\n\n<p>Prowadzimy sprawy z Bankami:<\/p>\n\n\n\n<ul class=\"wp-block-list\">\n<li>Kredyt Bank<\/li>\n\n\n\n<li>Deutsche Bank<\/li>\n\n\n\n<li>Nordea Bank<\/li>\n\n\n\n<li>PTF Bank<\/li>\n\n\n\n<li>Raiffeisen Bank Polska<\/li>\n\n\n\n<li>Santander Consumer Bank<\/li>\n\n\n\n<li>Santander Bank Polska<\/li>\n\n\n\n<li>Dominet Bank<\/li>\n\n\n\n<li>Getin Noble Bank S.A.<\/li>\n\n\n\n<li>Raiffeisen Polbank<\/li>\n\n\n\n<li>Bank BPH S.A.<\/li>\n\n\n\n<li>mBank S.A.<\/li>\n\n\n\n<li>Pekao Bank Hipoteczny S.A.<\/li>\n\n\n\n<li>PKO Bank Polski S.A.<\/li>\n\n\n\n<li>BPH Bank Hipoteczny S.A.<\/li>\n\n\n\n<li>BRE Bank<\/li>\n<\/ul>\n","protected":false},"excerpt":{"rendered":"<p>Kancelaria od 2017 roku \u015bwiadczy pomoc prawn\u0105 w sprawach dotycz\u0105cych kredyt\u00f3w indeksowanych\/nominowanych do waluty franka szwajcarskiego oraz z zakresu prawa bankowego. Prowadzimy sprawy z Bankami:<\/p>\n","protected":false},"author":1,"featured_media":0,"parent":0,"menu_order":0,"comment_status":"closed","ping_status":"closed","template":"","meta":{"footnotes":""},"class_list":["post-17","page","type-page","status-publish","hentry"],"_links":{"self":[{"href":"https:\/\/pecherzewski.com\/index.php\/wp-json\/wp\/v2\/pages\/17","targetHints":{"allow":["GET"]}}],"collection":[{"href":"https:\/\/pecherzewski.com\/index.php\/wp-json\/wp\/v2\/pages"}],"about":[{"href":"https:\/\/pecherzewski.com\/index.php\/wp-json\/wp\/v2\/types\/page"}],"author":[{"embeddable":true,"href":"https:\/\/pecherzewski.com\/index.php\/wp-json\/wp\/v2\/users\/1"}],"replies":[{"embeddable":true,"href":"https:\/\/pecherzewski.com\/index.php\/wp-json\/wp\/v2\/comments?post=17"}],"version-history":[{"count":0,"href":"https:\/\/pecherzewski.com\/index.php\/wp-json\/wp\/v2\/pages\/17\/revisions"}],"wp:attachment":[{"href":"https:\/\/pecherzewski.com\/index.php\/wp-json\/wp\/v2\/media?parent=17"}],"curies":[{"name":"wp","href":"https:\/\/api.w.org\/{rel}","templated":true}]}}