{"id":13,"date":"2021-02-01T10:22:58","date_gmt":"2021-02-01T10:22:58","guid":{"rendered":"http:\/\/www.gpkancelarie.pl\/?page_id=13"},"modified":"2021-02-01T10:22:58","modified_gmt":"2021-02-01T10:22:58","slug":"lokalizacja","status":"publish","type":"page","link":"https:\/\/pecherzewski.com\/index.php\/lokalizacja\/","title":{"rendered":"Wroc\u0142aw"},"content":{"rendered":"\n<section class=\"one_third\">\n        <article>\n        <header>\n          <h3>ul. S. Leszczy\u0144skiego 4 lok. 73<\/h3> <br>     <\/header>\n      <iframe loading=\"lazy\" src=\"https:\/\/www.google.com\/maps\/embed?pb=!1m18!1m12!1m3!1d2505.037447515422!2d17.02898021486911!3d51.10776924766564!2m3!1f0!2f0!3f0!3m2!1i1024!2i768!4f13.1!3m3!1m2!1s0x470fc2746bbe770f%3A0x5d26a1321f47d7ff!2zU3RhbmlzxYJhd2EgTGVzemN6ecWEc2tpZWdvIDQsIFdyb2PFgmF3!5e0!3m2!1spl!2spl!4v1494174272109\" style=\"border:0\" allowfullscreen=\"\" width=\"600\" height=\"450\" frameborder=\"0\"><\/iframe>\n\n      <small>Poka\u017c <a href=\"https:\/\/www.google.pl\/maps\/place\/Stanis%C5%82awa+Leszczy%C5%84skiego+4,+Wroc%C5%82aw\/@51.1077692,17.0289802,17z\/data=!3m1!4b1!4m5!3m4!1s0x470fc2746bbe770f:0x5d26a1321f47d7ff!8m2!3d51.1077659!4d17.0311689?hl=pl \" style=\"color: rgb(0, 0, 255); text-align: left;\"> Filia we Wroc\u0142awiu<\/a> na wi\u0119kszej mapie<\/small>\n          <\/article>\n          <\/section>\n\n\n\n<p><\/p>\n","protected":false},"excerpt":{"rendered":"<p>ul. S. Leszczy\u0144skiego 4 lok. 73 Poka\u017c Filia we Wroc\u0142awiu na wi\u0119kszej mapie<\/p>\n","protected":false},"author":1,"featured_media":0,"parent":0,"menu_order":0,"comment_status":"closed","ping_status":"closed","template":"","meta":{"footnotes":""},"class_list":["post-13","page","type-page","status-publish","hentry"],"_links":{"self":[{"href":"https:\/\/pecherzewski.com\/index.php\/wp-json\/wp\/v2\/pages\/13","targetHints":{"allow":["GET"]}}],"collection":[{"href":"https:\/\/pecherzewski.com\/index.php\/wp-json\/wp\/v2\/pages"}],"about":[{"href":"https:\/\/pecherzewski.com\/index.php\/wp-json\/wp\/v2\/types\/page"}],"author":[{"embeddable":true,"href":"https:\/\/pecherzewski.com\/index.php\/wp-json\/wp\/v2\/users\/1"}],"replies":[{"embeddable":true,"href":"https:\/\/pecherzewski.com\/index.php\/wp-json\/wp\/v2\/comments?post=13"}],"version-history":[{"count":0,"href":"https:\/\/pecherzewski.com\/index.php\/wp-json\/wp\/v2\/pages\/13\/revisions"}],"wp:attachment":[{"href":"https:\/\/pecherzewski.com\/index.php\/wp-json\/wp\/v2\/media?parent=13"}],"curies":[{"name":"wp","href":"https:\/\/api.w.org\/{rel}","templated":true}]}}